{"id":12,"date":"2022-10-07T16:04:50","date_gmt":"2022-10-07T14:04:50","guid":{"rendered":"https:\/\/nms-legal.de\/?page_id=12"},"modified":"2023-08-10T13:08:35","modified_gmt":"2023-08-10T11:08:35","slug":"impressum","status":"publish","type":"page","link":"https:\/\/nms-legal.de\/en\/impressum\/","title":{"rendered":"legel Notice"},"content":{"rendered":"<div data-elementor-type=\"wp-page\" data-elementor-id=\"12\" class=\"elementor elementor-12\" data-elementor-post-type=\"page\">\n\t\t\t\t\t\t<section class=\"elementor-section elementor-top-section elementor-element elementor-element-1a434e1 elementor-section-boxed elementor-section-height-default elementor-section-height-default\" data-id=\"1a434e1\" data-element_type=\"section\" data-e-type=\"section\" data-settings=\"{&quot;background_background&quot;:&quot;classic&quot;}\">\n\t\t\t\t\t\t<div class=\"elementor-container elementor-column-gap-default\">\n\t\t\t\t\t<div class=\"elementor-column elementor-col-100 elementor-top-column elementor-element elementor-element-46f06c3\" data-id=\"46f06c3\" data-element_type=\"column\" data-e-type=\"column\">\n\t\t\t<div class=\"elementor-widget-wrap elementor-element-populated\">\n\t\t\t\t\t\t<div class=\"elementor-element elementor-element-3349970 elementor-widget elementor-widget-heading\" data-id=\"3349970\" data-element_type=\"widget\" data-e-type=\"widget\" data-widget_type=\"heading.default\">\n\t\t\t\t<div class=\"elementor-widget-container\">\n\t\t\t\t\t<h2 class=\"elementor-heading-title elementor-size-default\">legel Notice<\/h2>\t\t\t\t<\/div>\n\t\t\t\t<\/div>\n\t\t\t\t<section class=\"elementor-section elementor-inner-section elementor-element elementor-element-c37c505 elementor-section-boxed elementor-section-height-default elementor-section-height-default\" data-id=\"c37c505\" data-element_type=\"section\" data-e-type=\"section\" data-settings=\"{&quot;background_background&quot;:&quot;classic&quot;}\">\n\t\t\t\t\t\t<div class=\"elementor-container elementor-column-gap-default\">\n\t\t\t\t\t<div class=\"elementor-column elementor-col-100 elementor-inner-column elementor-element elementor-element-3b54bc0\" data-id=\"3b54bc0\" data-element_type=\"column\" data-e-type=\"column\">\n\t\t\t<div class=\"elementor-widget-wrap elementor-element-populated\">\n\t\t\t\t\t\t<div class=\"elementor-element elementor-element-bb14c21 elementor-widget elementor-widget-text-editor\" data-id=\"bb14c21\" data-element_type=\"widget\" data-e-type=\"widget\" data-widget_type=\"text-editor.default\">\n\t\t\t\t<div class=\"elementor-widget-container\">\n\t\t\t\t\t\t\t\t\t<p>Angaben gem\u00e4\u00df \u00a7 5 TMG:<br \/>Napiorkowski Margaretha Szeja Partnerschaft von Rechtsanw\u00e4lten<br \/>Puschkinallee 3, 14469 Potsdam<br \/><br \/>Vertreten durch:<\/p><p>Christoph NapiorkowskiFlorian MargarethaPiotr SzejaKontakt:<br \/>Telefon: 0331 \/ 74036920Telefax: 0331 \/ 74036913eMail: office@nms-legal.deRegistereintrag:<br \/>Eintragung im Partnerschaftsregister.Registergericht: PotsdamRegisternummer: PR-Nr. 130 PUmsatzsteuer-ID:<br \/>Umsatzsteuer-Identifikationsnummer gem\u00e4\u00df \u00a727 a Umsatzsteuergesetz: DE310117174<\/p><p>Aufsichtsbeh\u00f6rde:<br \/>Rechtsanwaltskammer des Landes Brandenburg<\/p><p>Berufsbezeichnung: Rechtsanw\u00e4lte<\/p><p>Zust\u00e4ndige Kammer: Rechtsanwaltskammer des Landes Brandenburg<\/p><p>Verliehen durch: Brandenburg<\/p><p>Es gelten folgende berufsrechtliche Regelungen:<\/p><p>BRAO \u2013 Bundesrechtsanwaltsordnung<\/p><p>BORA \u2013 Berufsordnung f\u00fcr Rechtsanw\u00e4lte<\/p><p>BRAGO \u2013 Bundesgeb\u00fchrenordnung f\u00fcr Rechtsanw\u00e4lte<\/p><p>RVG \u2013 Rechtsanwaltsverg\u00fctungsgesetz<\/p><p>Regelungen einsehbar unter:www.brak.de<\/p><p>Angaben zur Berufshaftpflichtversicherung:<br \/>Name und Sitz der Gesellschaft: Axa Versicherung AG Niederlassung Berlin Dovestr. 2 \u2013 4 10587 Berlin<\/p><p>Streitbeilegung<br \/>Plattform der EU-Kommission zur Online-Streitbeilegung:<\/p><p>www.ec.europa.eu\/consumers\/odr<\/p><p>Informationen gem\u00e4\u00df \u00a7 36 VSBG<\/p><p>F\u00fcr unsere Mandanten sind wir grunds\u00e4tzlich bereit, an Streitbeilegungsverfahren bei der Schlichtungsstelle der Rechtsanwaltschaft teilzunehmen. F\u00fcr verm\u00f6gensrechtliche Streitigkeiten aus dem Mandatsverh\u00e4ltnis ist die Schlichtungsstelle der Rechtsanwaltschaft, Neue Gr\u00fcnstra\u00dfe 17, 10179 Berlin \u2013 www.s-d-r.org \u2013 zust\u00e4ndig.<\/p>\t\t\t\t\t\t\t\t<\/div>\n\t\t\t\t<\/div>\n\t\t\t\t\t<\/div>\n\t\t<\/div>\n\t\t\t\t\t<\/div>\n\t\t<\/section>\n\t\t\t\t\t<\/div>\n\t\t<\/div>\n\t\t\t\t\t<\/div>\n\t\t<\/section>\n\t\t\t\t<\/div>","protected":false},"excerpt":{"rendered":"<p>Impressum Angaben gem\u00e4\u00df \u00a7 5 TMG:Napiorkowski Margaretha Szeja Partnerschaft von Rechtsanw\u00e4ltenPuschkinallee 3, 14469 Potsdam Vertreten durch: Christoph NapiorkowskiFlorian MargarethaPiotr SzejaKontakt:Telefon: 0331 \/ 74036920Telefax: 0331 \/ 74036913eMail: office@nms-legal.deRegistereintrag:Eintragung im Partnerschaftsregister.Registergericht: PotsdamRegisternummer: PR-Nr. 130 PUmsatzsteuer-ID:Umsatzsteuer-Identifikationsnummer gem\u00e4\u00df \u00a727 a Umsatzsteuergesetz: DE310117174 Aufsichtsbeh\u00f6rde:Rechtsanwaltskammer des Landes Brandenburg Berufsbezeichnung: Rechtsanw\u00e4lte Zust\u00e4ndige Kammer: Rechtsanwaltskammer des Landes Brandenburg Verliehen durch: Brandenburg Es gelten [&hellip;]<\/p>\n","protected":false},"author":1,"featured_media":0,"parent":0,"menu_order":0,"comment_status":"closed","ping_status":"closed","template":"elementor_header_footer","meta":{"footnotes":""},"class_list":["post-12","page","type-page","status-publish","hentry"],"featured_image_src":null,"yoast_head":"<!-- This site is optimized with the Yoast SEO plugin v27.3 - https:\/\/yoast.com\/product\/yoast-seo-wordpress\/ -->\n<title>Impressum - NMS Rechtsanw\u00e4lte<\/title>\n<meta name=\"robots\" content=\"index, follow, max-snippet:-1, max-image-preview:large, max-video-preview:-1\" \/>\n<link rel=\"canonical\" href=\"https:\/\/nms-legal.de\/en\/impressum\/\" \/>\n<meta property=\"og:locale\" content=\"en_US\" \/>\n<meta property=\"og:type\" content=\"article\" \/>\n<meta property=\"og:title\" content=\"Impressum - NMS Rechtsanw\u00e4lte\" \/>\n<meta property=\"og:description\" content=\"Impressum Angaben gem\u00e4\u00df \u00a7 5 TMG:Napiorkowski Margaretha Szeja Partnerschaft von Rechtsanw\u00e4ltenPuschkinallee 3, 14469 Potsdam Vertreten durch: Christoph NapiorkowskiFlorian MargarethaPiotr SzejaKontakt:Telefon: 0331 \/ 74036920Telefax: 0331 \/ 74036913eMail: office@nms-legal.deRegistereintrag:Eintragung im Partnerschaftsregister.Registergericht: PotsdamRegisternummer: PR-Nr. 130 PUmsatzsteuer-ID:Umsatzsteuer-Identifikationsnummer gem\u00e4\u00df \u00a727 a Umsatzsteuergesetz: DE310117174 Aufsichtsbeh\u00f6rde:Rechtsanwaltskammer des Landes Brandenburg Berufsbezeichnung: Rechtsanw\u00e4lte Zust\u00e4ndige Kammer: Rechtsanwaltskammer des Landes Brandenburg Verliehen durch: Brandenburg Es gelten [&hellip;]\" \/>\n<meta property=\"og:url\" content=\"https:\/\/nms-legal.de\/en\/impressum\/\" \/>\n<meta property=\"og:site_name\" content=\"NMS Rechtsanw\u00e4lte\" \/>\n<meta property=\"article:modified_time\" content=\"2023-08-10T11:08:35+00:00\" \/>\n<meta name=\"twitter:card\" content=\"summary_large_image\" \/>\n<meta name=\"twitter:label1\" content=\"Est. reading time\" \/>\n\t<meta name=\"twitter:data1\" content=\"1 minute\" \/>\n<script type=\"application\/ld+json\" class=\"yoast-schema-graph\">{\"@context\":\"https:\\\/\\\/schema.org\",\"@graph\":[{\"@type\":\"WebPage\",\"@id\":\"https:\\\/\\\/nms-legal.de\\\/impressum\\\/\",\"url\":\"https:\\\/\\\/nms-legal.de\\\/impressum\\\/\",\"name\":\"Impressum - NMS Rechtsanw\u00e4lte\",\"isPartOf\":{\"@id\":\"https:\\\/\\\/nms-legal.de\\\/#website\"},\"datePublished\":\"2022-10-07T14:04:50+00:00\",\"dateModified\":\"2023-08-10T11:08:35+00:00\",\"breadcrumb\":{\"@id\":\"https:\\\/\\\/nms-legal.de\\\/impressum\\\/#breadcrumb\"},\"inLanguage\":\"en-US\",\"potentialAction\":[{\"@type\":\"ReadAction\",\"target\":[\"https:\\\/\\\/nms-legal.de\\\/impressum\\\/\"]}]},{\"@type\":\"BreadcrumbList\",\"@id\":\"https:\\\/\\\/nms-legal.de\\\/impressum\\\/#breadcrumb\",\"itemListElement\":[{\"@type\":\"ListItem\",\"position\":1,\"name\":\"Home\",\"item\":\"https:\\\/\\\/nms-legal.de\\\/de\\\/\"},{\"@type\":\"ListItem\",\"position\":2,\"name\":\"Impressum\"}]},{\"@type\":\"WebSite\",\"@id\":\"https:\\\/\\\/nms-legal.de\\\/#website\",\"url\":\"https:\\\/\\\/nms-legal.de\\\/\",\"name\":\"NMS Rechtsanw\u00e4lte\",\"description\":\"\",\"publisher\":{\"@id\":\"https:\\\/\\\/nms-legal.de\\\/#organization\"},\"potentialAction\":[{\"@type\":\"SearchAction\",\"target\":{\"@type\":\"EntryPoint\",\"urlTemplate\":\"https:\\\/\\\/nms-legal.de\\\/?s={search_term_string}\"},\"query-input\":{\"@type\":\"PropertyValueSpecification\",\"valueRequired\":true,\"valueName\":\"search_term_string\"}}],\"inLanguage\":\"en-US\"},{\"@type\":\"Organization\",\"@id\":\"https:\\\/\\\/nms-legal.de\\\/#organization\",\"name\":\"NMS Rechtsanw\u00e4lte\",\"url\":\"https:\\\/\\\/nms-legal.de\\\/\",\"logo\":{\"@type\":\"ImageObject\",\"inLanguage\":\"en-US\",\"@id\":\"https:\\\/\\\/nms-legal.de\\\/#\\\/schema\\\/logo\\\/image\\\/\",\"url\":\"https:\\\/\\\/nms-legal.de\\\/wp-content\\\/uploads\\\/2022\\\/10\\\/nms-Logo.jpg\",\"contentUrl\":\"https:\\\/\\\/nms-legal.de\\\/wp-content\\\/uploads\\\/2022\\\/10\\\/nms-Logo.jpg\",\"width\":1005,\"height\":513,\"caption\":\"NMS Rechtsanw\u00e4lte\"},\"image\":{\"@id\":\"https:\\\/\\\/nms-legal.de\\\/#\\\/schema\\\/logo\\\/image\\\/\"}}]}<\/script>\n<!-- \/ Yoast SEO plugin. -->","yoast_head_json":{"title":"Impressum - NMS Rechtsanw\u00e4lte","robots":{"index":"index","follow":"follow","max-snippet":"max-snippet:-1","max-image-preview":"max-image-preview:large","max-video-preview":"max-video-preview:-1"},"canonical":"https:\/\/nms-legal.de\/en\/impressum\/","og_locale":"en_US","og_type":"article","og_title":"Impressum - NMS Rechtsanw\u00e4lte","og_description":"Impressum Angaben gem\u00e4\u00df \u00a7 5 TMG:Napiorkowski Margaretha Szeja Partnerschaft von Rechtsanw\u00e4ltenPuschkinallee 3, 14469 Potsdam Vertreten durch: Christoph NapiorkowskiFlorian MargarethaPiotr SzejaKontakt:Telefon: 0331 \/ 74036920Telefax: 0331 \/ 74036913eMail: office@nms-legal.deRegistereintrag:Eintragung im Partnerschaftsregister.Registergericht: PotsdamRegisternummer: PR-Nr. 130 PUmsatzsteuer-ID:Umsatzsteuer-Identifikationsnummer gem\u00e4\u00df \u00a727 a Umsatzsteuergesetz: DE310117174 Aufsichtsbeh\u00f6rde:Rechtsanwaltskammer des Landes Brandenburg Berufsbezeichnung: Rechtsanw\u00e4lte Zust\u00e4ndige Kammer: Rechtsanwaltskammer des Landes Brandenburg Verliehen durch: Brandenburg Es gelten [&hellip;]","og_url":"https:\/\/nms-legal.de\/en\/impressum\/","og_site_name":"NMS Rechtsanw\u00e4lte","article_modified_time":"2023-08-10T11:08:35+00:00","twitter_card":"summary_large_image","twitter_misc":{"Est. reading time":"1 minute"},"schema":{"@context":"https:\/\/schema.org","@graph":[{"@type":"WebPage","@id":"https:\/\/nms-legal.de\/impressum\/","url":"https:\/\/nms-legal.de\/impressum\/","name":"Impressum - NMS Rechtsanw\u00e4lte","isPartOf":{"@id":"https:\/\/nms-legal.de\/#website"},"datePublished":"2022-10-07T14:04:50+00:00","dateModified":"2023-08-10T11:08:35+00:00","breadcrumb":{"@id":"https:\/\/nms-legal.de\/impressum\/#breadcrumb"},"inLanguage":"en-US","potentialAction":[{"@type":"ReadAction","target":["https:\/\/nms-legal.de\/impressum\/"]}]},{"@type":"BreadcrumbList","@id":"https:\/\/nms-legal.de\/impressum\/#breadcrumb","itemListElement":[{"@type":"ListItem","position":1,"name":"Home","item":"https:\/\/nms-legal.de\/de\/"},{"@type":"ListItem","position":2,"name":"Impressum"}]},{"@type":"WebSite","@id":"https:\/\/nms-legal.de\/#website","url":"https:\/\/nms-legal.de\/","name":"NMS Rechtsanw\u00e4lte","description":"","publisher":{"@id":"https:\/\/nms-legal.de\/#organization"},"potentialAction":[{"@type":"SearchAction","target":{"@type":"EntryPoint","urlTemplate":"https:\/\/nms-legal.de\/?s={search_term_string}"},"query-input":{"@type":"PropertyValueSpecification","valueRequired":true,"valueName":"search_term_string"}}],"inLanguage":"en-US"},{"@type":"Organization","@id":"https:\/\/nms-legal.de\/#organization","name":"NMS Rechtsanw\u00e4lte","url":"https:\/\/nms-legal.de\/","logo":{"@type":"ImageObject","inLanguage":"en-US","@id":"https:\/\/nms-legal.de\/#\/schema\/logo\/image\/","url":"https:\/\/nms-legal.de\/wp-content\/uploads\/2022\/10\/nms-Logo.jpg","contentUrl":"https:\/\/nms-legal.de\/wp-content\/uploads\/2022\/10\/nms-Logo.jpg","width":1005,"height":513,"caption":"NMS Rechtsanw\u00e4lte"},"image":{"@id":"https:\/\/nms-legal.de\/#\/schema\/logo\/image\/"}}]}},"_links":{"self":[{"href":"https:\/\/nms-legal.de\/en\/wp-json\/wp\/v2\/pages\/12","targetHints":{"allow":["GET"]}}],"collection":[{"href":"https:\/\/nms-legal.de\/en\/wp-json\/wp\/v2\/pages"}],"about":[{"href":"https:\/\/nms-legal.de\/en\/wp-json\/wp\/v2\/types\/page"}],"author":[{"embeddable":true,"href":"https:\/\/nms-legal.de\/en\/wp-json\/wp\/v2\/users\/1"}],"replies":[{"embeddable":true,"href":"https:\/\/nms-legal.de\/en\/wp-json\/wp\/v2\/comments?post=12"}],"version-history":[{"count":7,"href":"https:\/\/nms-legal.de\/en\/wp-json\/wp\/v2\/pages\/12\/revisions"}],"predecessor-version":[{"id":232,"href":"https:\/\/nms-legal.de\/en\/wp-json\/wp\/v2\/pages\/12\/revisions\/232"}],"wp:attachment":[{"href":"https:\/\/nms-legal.de\/en\/wp-json\/wp\/v2\/media?parent=12"}],"curies":[{"name":"wp","href":"https:\/\/api.w.org\/{rel}","templated":true}]}}